{"id":364,"date":"2015-04-08T04:14:40","date_gmt":"2015-04-08T04:14:40","guid":{"rendered":"http:\/\/www.indemipe.com\/indemipe3\/?page_id=364"},"modified":"2024-10-10T20:27:31","modified_gmt":"2024-10-10T20:27:31","slug":"como-asociarse","status":"publish","type":"page","link":"http:\/\/www.indemipe.com\/indemipe3\/?page_id=364","title":{"rendered":"C\u00f3mo Asociarse"},"content":{"rendered":"<p><span style=\"color: #333333; font-family: Arial, Helvetica, sans-serif; font-size: small;\">Pasos a seguir para poder asociarse : <\/span><\/p>\n<p><span style=\"color: #333333; font-family: Arial, Helvetica, sans-serif; font-size: small;\">1.<\/span><span style=\"color: #333333; font-family: Arial, Helvetica, sans-serif; font-size: small;\">Completar el formulario adjunto e incluir fotograf\u00eda reciente: <strong><a href=\"http:\/\/www.indemipe.com\/indemipe3\/solicitud-admision.doc\" target=\"_blank\" rel=\"noopener noreferrer\"><span style=\"color: #ff6600;\">DESCARGUE FORMULARIO<\/span><\/a><\/strong><\/span><\/p>\n<p><span style=\"color: #333333; font-family: Arial, Helvetica, sans-serif; font-size: small;\">2.<\/span><span style=\"color: #333333; font-family: Arial, Helvetica, sans-serif; font-size: small;\">Documentos que acrediten que labora en el sector Miner\u00eda, Petr\u00f3leo y Energ\u00eda<\/span><\/p>\n<p><span style=\"color: #333333; font-family: Arial, Helvetica, sans-serif; font-size: small;\">3.<\/span><span style=\"color: #333333; font-family: Arial, Helvetica, sans-serif; font-size: small;\">Carta de presentaci\u00f3n de 2 asociados al INDEMIPE <\/span><\/p>\n<p><span style=\"color: #333333; font-family: Arial, Helvetica, sans-serif; font-size: small;\">4.<\/span><span style=\"color: #333333; font-family: Arial, Helvetica, sans-serif; font-size: small;\">Los documentos se deberan enviar a :<span class=\"style16\"><span style=\"color: #ff6600;\"><a style=\"color: #ff6600;\" href=\"mailto:central@indemipe.com\"><span class=\"style18\"><strong><span style=\"color: #000080;\">central@indemipe.com<\/span><\/strong><\/span><\/a><\/span><span class=\"style18\"><span style=\"color: #000080;\"> o atrav\u00e9s de <\/span><\/span><span class=\"style18\"><span style=\"color: #000080;\"><strong><span style=\"color: #ff6600;\">Mesa de Partes<\/span> <\/strong><\/span><\/span><\/span><\/span><\/p>\n<p><strong>\u00a0<\/strong><\/p>\n\n\n<p><\/p>\n","protected":false},"excerpt":{"rendered":"<p>Pasos a seguir para poder asociarse : 1.Completar el formulario adjunto e incluir fotograf\u00eda reciente: DESCARGUE FORMULARIO 2.Documentos que acrediten que labora en el sector Miner\u00eda, Petr\u00f3leo y Energ\u00eda 3.Carta de presentaci\u00f3n de 2 asociados al INDEMIPE 4.Los documentos se deberan enviar a :central@indemipe.com o atrav\u00e9s de Mesa de Partes \u00a0<\/p>\n","protected":false},"author":1,"featured_media":0,"parent":0,"menu_order":0,"comment_status":"closed","ping_status":"closed","template":"","meta":{"_bbp_topic_count":0,"_bbp_reply_count":0,"_bbp_total_topic_count":0,"_bbp_total_reply_count":0,"_bbp_voice_count":0,"_bbp_anonymous_reply_count":0,"_bbp_topic_count_hidden":0,"_bbp_reply_count_hidden":0,"_bbp_forum_subforum_count":0},"_links":{"self":[{"href":"http:\/\/www.indemipe.com\/indemipe3\/index.php?rest_route=\/wp\/v2\/pages\/364"}],"collection":[{"href":"http:\/\/www.indemipe.com\/indemipe3\/index.php?rest_route=\/wp\/v2\/pages"}],"about":[{"href":"http:\/\/www.indemipe.com\/indemipe3\/index.php?rest_route=\/wp\/v2\/types\/page"}],"author":[{"embeddable":true,"href":"http:\/\/www.indemipe.com\/indemipe3\/index.php?rest_route=\/wp\/v2\/users\/1"}],"replies":[{"embeddable":true,"href":"http:\/\/www.indemipe.com\/indemipe3\/index.php?rest_route=%2Fwp%2Fv2%2Fcomments&post=364"}],"version-history":[{"count":4,"href":"http:\/\/www.indemipe.com\/indemipe3\/index.php?rest_route=\/wp\/v2\/pages\/364\/revisions"}],"predecessor-version":[{"id":629,"href":"http:\/\/www.indemipe.com\/indemipe3\/index.php?rest_route=\/wp\/v2\/pages\/364\/revisions\/629"}],"wp:attachment":[{"href":"http:\/\/www.indemipe.com\/indemipe3\/index.php?rest_route=%2Fwp%2Fv2%2Fmedia&parent=364"}],"curies":[{"name":"wp","href":"https:\/\/api.w.org\/{rel}","templated":true}]}}