{"id":336,"date":"2014-07-27T03:20:05","date_gmt":"2014-07-27T03:20:05","guid":{"rendered":"http:\/\/www.indemipe.com\/indemipe3\/?page_id=2"},"modified":"2020-10-10T21:26:08","modified_gmt":"2020-10-10T21:26:08","slug":"sample-page-2","status":"publish","type":"page","link":"http:\/\/www.indemipe.com\/indemipe3\/","title":{"rendered":"Quienes somos"},"content":{"rendered":"<div align=\"justify\"><span style=\"color: #666666; font-family: Arial,Helvetica,sans-serif; font-size: small;\">El Instituto Nacional de Derecho de Miner\u00eda, Petr\u00f3leo y Energ\u00eda se concibi\u00f3 a ra\u00edz de la daci\u00f3n del C\u00f3digo de Miner\u00eda de 1950 con la finalidad de propugnar el desarrollo y trabajar por el fomento y orientaci\u00f3n legal de las actividades minero energ\u00e9ticas. <\/span><\/div>\n<p align=\"justify\"><span style=\"color: #666666; font-family: Arial,Helvetica,sans-serif; font-size: small;\">A lo largo de m\u00e1s de cincuenta a\u00f1os sus miembros han evidenciado una definida vocaci\u00f3n por la miner\u00eda, el petr\u00f3leo y m\u00e1s recientemente la energ\u00eda, participando en diversas Comisiones Consultivas y de apoyo a los distintos Gobiernos y al Sector Privado con la finalidad de coadyuvar al mayor desarrollo de tales actividades.<\/span><\/p>\n<p align=\"justify\"><span style=\"color: #666666; font-family: Arial,Helvetica,sans-serif; font-size: small;\">Como parte de sus actividades de difusi\u00f3n de la actividad minero energ\u00e9tica, el Instituto Nacional de Derecho de Miner\u00eda, Petr\u00f3leo y Energ\u00eda publica peri\u00f3dicamente una Revista con aportes de sus miembros y de otros destacados profesionales sobre temas de actualidad referidos a la problem\u00e1tica de este importante sector econ\u00f3mico. As\u00ed mismo, el Instituto viene organizando cada dos a\u00f1os, con marcado \u00e9xito, Congresos Internacionales de Legislaci\u00f3n Minera, Petrolera y de Energ\u00eda, contando con la participaci\u00f3n de especialistas y acad\u00e9micos extranjeros que, con sus presentaciones, contribuyen al intercambio de experiencias pr\u00e1cticas y legislativas entre los participantes a dichos eventos. <\/span><\/p>\n<p align=\"justify\"><span style=\"color: #666666; font-family: Arial,Helvetica,sans-serif; font-size: small;\">El Instituto Nacional de Derecho de Miner\u00eda, Petr\u00f3leo y Energ\u00eda cuenta tambi\u00e9n con un moderno Reglamento de Arbitraje que permite a los interesados someter sus diferendos al criterio de \u00e1rbitros especializados en las materias de su interes.<\/span><span style=\"color: #999999; font-family: Arial,Helvetica,sans-serif; font-size: small;\"><br \/>\n<\/span><\/p>\n","protected":false},"excerpt":{"rendered":"<p>El Instituto Nacional de Derecho de Miner\u00eda, Petr\u00f3leo y Energ\u00eda se concibi\u00f3 a ra\u00edz de la daci\u00f3n del C\u00f3digo de Miner\u00eda de 1950 con la finalidad de propugnar el desarrollo y trabajar por el fomento y orientaci\u00f3n legal de las actividades minero energ\u00e9ticas. A lo largo de m\u00e1s de cincuenta a\u00f1os sus miembros han evidenciado [&hellip;]<\/p>\n","protected":false},"author":1,"featured_media":0,"parent":0,"menu_order":0,"comment_status":"closed","ping_status":"open","template":"","meta":{"_bbp_topic_count":0,"_bbp_reply_count":0,"_bbp_total_topic_count":0,"_bbp_total_reply_count":0,"_bbp_voice_count":0,"_bbp_anonymous_reply_count":0,"_bbp_topic_count_hidden":0,"_bbp_reply_count_hidden":0,"_bbp_forum_subforum_count":0},"_links":{"self":[{"href":"http:\/\/www.indemipe.com\/indemipe3\/index.php?rest_route=\/wp\/v2\/pages\/336"}],"collection":[{"href":"http:\/\/www.indemipe.com\/indemipe3\/index.php?rest_route=\/wp\/v2\/pages"}],"about":[{"href":"http:\/\/www.indemipe.com\/indemipe3\/index.php?rest_route=\/wp\/v2\/types\/page"}],"author":[{"embeddable":true,"href":"http:\/\/www.indemipe.com\/indemipe3\/index.php?rest_route=\/wp\/v2\/users\/1"}],"replies":[{"embeddable":true,"href":"http:\/\/www.indemipe.com\/indemipe3\/index.php?rest_route=%2Fwp%2Fv2%2Fcomments&post=336"}],"version-history":[{"count":1,"href":"http:\/\/www.indemipe.com\/indemipe3\/index.php?rest_route=\/wp\/v2\/pages\/336\/revisions"}],"predecessor-version":[{"id":512,"href":"http:\/\/www.indemipe.com\/indemipe3\/index.php?rest_route=\/wp\/v2\/pages\/336\/revisions\/512"}],"wp:attachment":[{"href":"http:\/\/www.indemipe.com\/indemipe3\/index.php?rest_route=%2Fwp%2Fv2%2Fmedia&parent=336"}],"curies":[{"name":"wp","href":"https:\/\/api.w.org\/{rel}","templated":true}]}}