{"id":29,"date":"2014-09-09T18:32:09","date_gmt":"2014-09-09T18:32:09","guid":{"rendered":"http:\/\/www.indemipe.com\/indemipe3\/?page_id=29"},"modified":"2020-10-10T21:33:28","modified_gmt":"2020-10-10T21:33:28","slug":"comisiones","status":"publish","type":"page","link":"http:\/\/www.indemipe.com\/indemipe3\/?page_id=29","title":{"rendered":"Comisiones"},"content":{"rendered":"<p><img loading=\"lazy\" src=\"http:\/\/www.indemipe.com\/indemipe\/imagenes\/otras\/varias%20para%20collage\/Energia\/jpg\/6.jpg\" alt=\"\" width=\"111\" height=\"101\"><img loading=\"lazy\" src=\"http:\/\/www.indemipe.com\/indemipe\/imagenes\/otras\/varias%20para%20collage\/hidrocarburos\/jpg\/6.jpg\" alt=\"\" width=\"111\" height=\"101\"><img loading=\"lazy\" src=\"http:\/\/www.indemipe.com\/indemipe\/imagenes\/otras\/varias%20para%20collage\/Mineria\/jpg\/11.jpg\" alt=\"\" width=\"111\" height=\"101\"><\/p>\n<div align=\"left\"><strong><span style=\"color: #333333; font-family: Arial,Helvetica,sans-serif; font-size: small;\">Comisiones<\/span><\/strong><\/div>\n<table border=\"0\" width=\"329\" cellspacing=\"0\" cellpadding=\"0\">\n<tbody>\n<tr>\n<td width=\"366\"><span style=\"color: #333333; font-family: Arial,Helvetica,sans-serif; font-size: small;\"><span style=\"font-family: arial;\">Comisi\u00f3n de Asuntos Ambientales<\/span>&nbsp;<\/span><\/td>\n<\/tr>\n<tr>\n<td><span style=\"color: #333333; font-family: Arial,Helvetica,sans-serif; font-size: small;\"><span style=\"font-family: arial;\">Comisi\u00f3n de Conferencias y Conversatorios<\/span>&nbsp;<\/span><\/td>\n<\/tr>\n<tr>\n<td><span style=\"color: #333333; font-family: Arial,Helvetica,sans-serif; font-size: small;\"><span style=\"font-family: arial;\">Comisi\u00f3n de Energ\u00eda<\/span>&nbsp;<\/span><\/td>\n<\/tr>\n<tr>\n<td><span style=\"color: #333333; font-family: Arial,Helvetica,sans-serif; font-size: small;\"><span style=\"font-family: arial;\">Comisi\u00f3n de Informaci\u00f3n y Prensa<\/span>&nbsp;<\/span><\/td>\n<\/tr>\n<tr>\n<td><span style=\"color: #333333; font-family: Arial,Helvetica,sans-serif; font-size: small;\"><span style=\"font-family: arial;\">Comisi\u00f3n de Legislaci\u00f3n de Petr\u00f3leo<\/span>&nbsp;<\/span><\/td>\n<\/tr>\n<tr>\n<td><span style=\"color: #333333; font-family: Arial,Helvetica,sans-serif; font-size: small;\"><span style=\"font-family: arial;\">Comisi\u00f3n de Legislaci\u00f3n Minera<\/span>&nbsp;<\/span><\/td>\n<\/tr>\n<tr>\n<td><span style=\"color: #333333; font-family: Arial,Helvetica,sans-serif; font-size: small;\"><span style=\"font-family: arial;\">Comisi\u00f3n de Legislaci\u00f3n Tributaria<\/span>&nbsp;<\/span><\/td>\n<\/tr>\n<tr>\n<td><span style=\"color: #333333; font-family: Arial,Helvetica,sans-serif; font-size: small;\"><span style=\"font-family: arial;\">Comisi\u00f3n de Redacci\u00f3n de la Revista<\/span>&nbsp;<\/span><\/td>\n<\/tr>\n<tr>\n<td><span style=\"color: #333333; font-family: Arial,Helvetica,sans-serif; font-size: small;\"><span style=\"font-family: arial;\">Comisi\u00f3n de Revisi\u00f3n de Cuentas<\/span>&nbsp;<\/span><\/td>\n<\/tr>\n<tr>\n<td><span style=\"color: #333333; font-family: Arial,Helvetica,sans-serif; font-size: small;\"><span style=\"font-family: arial;\">Comisi\u00f3n de Tesis Universitaria<\/span><\/span><\/td>\n<\/tr>\n<\/tbody>\n<\/table>\n","protected":false},"excerpt":{"rendered":"<p>Comisiones Comisi\u00f3n de Asuntos Ambientales&nbsp; Comisi\u00f3n de Conferencias y Conversatorios&nbsp; Comisi\u00f3n de Energ\u00eda&nbsp; Comisi\u00f3n de Informaci\u00f3n y Prensa&nbsp; Comisi\u00f3n de Legislaci\u00f3n de Petr\u00f3leo&nbsp; Comisi\u00f3n de Legislaci\u00f3n Minera&nbsp; Comisi\u00f3n de Legislaci\u00f3n Tributaria&nbsp; Comisi\u00f3n de Redacci\u00f3n de la Revista&nbsp; Comisi\u00f3n de Revisi\u00f3n de Cuentas&nbsp; Comisi\u00f3n de Tesis Universitaria<\/p>\n","protected":false},"author":1,"featured_media":0,"parent":0,"menu_order":1,"comment_status":"closed","ping_status":"open","template":"","meta":{"_bbp_topic_count":0,"_bbp_reply_count":0,"_bbp_total_topic_count":0,"_bbp_total_reply_count":0,"_bbp_voice_count":0,"_bbp_anonymous_reply_count":0,"_bbp_topic_count_hidden":0,"_bbp_reply_count_hidden":0,"_bbp_forum_subforum_count":0},"_links":{"self":[{"href":"http:\/\/www.indemipe.com\/indemipe3\/index.php?rest_route=\/wp\/v2\/pages\/29"}],"collection":[{"href":"http:\/\/www.indemipe.com\/indemipe3\/index.php?rest_route=\/wp\/v2\/pages"}],"about":[{"href":"http:\/\/www.indemipe.com\/indemipe3\/index.php?rest_route=\/wp\/v2\/types\/page"}],"author":[{"embeddable":true,"href":"http:\/\/www.indemipe.com\/indemipe3\/index.php?rest_route=\/wp\/v2\/users\/1"}],"replies":[{"embeddable":true,"href":"http:\/\/www.indemipe.com\/indemipe3\/index.php?rest_route=%2Fwp%2Fv2%2Fcomments&post=29"}],"version-history":[{"count":1,"href":"http:\/\/www.indemipe.com\/indemipe3\/index.php?rest_route=\/wp\/v2\/pages\/29\/revisions"}],"predecessor-version":[{"id":525,"href":"http:\/\/www.indemipe.com\/indemipe3\/index.php?rest_route=\/wp\/v2\/pages\/29\/revisions\/525"}],"wp:attachment":[{"href":"http:\/\/www.indemipe.com\/indemipe3\/index.php?rest_route=%2Fwp%2Fv2%2Fmedia&parent=29"}],"curies":[{"name":"wp","href":"https:\/\/api.w.org\/{rel}","templated":true}]}}