{"id":27,"date":"2014-09-09T18:29:21","date_gmt":"2014-09-09T18:29:21","guid":{"rendered":"http:\/\/www.indemipe.com\/indemipe3\/?page_id=27"},"modified":"2020-10-10T21:55:04","modified_gmt":"2020-10-10T21:55:04","slug":"directiva","status":"publish","type":"page","link":"http:\/\/www.indemipe.com\/indemipe3\/?page_id=27","title":{"rendered":"Directiva"},"content":{"rendered":"<table border=\"0\" width=\"706\">\n<tbody>\n<tr>\n<td><strong><span style=\"color: #333333; font-family: Arial,Helvetica,sans-serif; font-size: medium;\">Consejo Directivo para el periodo 2016 &#8211; 2018<\/span><\/strong><\/td>\n<\/tr>\n<tr>\n<td>\n<table border=\"0\" width=\"697\" cellspacing=\"0\" cellpadding=\"0\">\n<colgroup>\n<col width=\"250\">\n<col width=\"120\">\n<col width=\"161\"> <\/colgroup>\n<tbody>\n<tr bgcolor=\"#666666\">\n<td width=\"273\"><span style=\"color: #ffffff; font-family: Arial,Helvetica,sans-serif; font-size: small;\"><strong>Nombre<\/strong><\/span><\/td>\n<td width=\"228\"><span style=\"color: #ffffff; font-family: Arial,Helvetica,sans-serif; font-size: small;\"><strong>Cargo<\/strong><\/span><\/td>\n<td width=\"196\"><span style=\"color: #ffffff; font-family: Arial,Helvetica,sans-serif; font-size: small;\"><strong>Email<\/strong><\/span><\/td>\n<\/tr>\n<tr>\n<td height=\"20\"><span style=\"color: #000000; font-family: Arial,Helvetica,sans-serif; font-size: small;\">Miluska Marianela Cervantes Cornejo<\/span><\/td>\n<td><span style=\"color: #000000; font-family: Arial,Helvetica,sans-serif; font-size: small;\">Presidente<\/span><\/td>\n<td>&nbsp;<a href=\"mailto:miluska_cervantes@fmi.com\" target=\"_blank\" rel=\"noopener noreferrer\">miluska_cervantes@fmi.com<\/a><\/td>\n<\/tr>\n<tr>\n<td height=\"21\"><span style=\"color: #000000; font-family: Arial,Helvetica,sans-serif; font-size: small;\">Xennia Mar\u00eda Forno Castro-Pozo<\/span><\/td>\n<td><span style=\"color: #000000; font-family: Arial,Helvetica,sans-serif; font-size: small;\">Vice-Presidente<\/span><\/td>\n<td><span class=\"Estilo6\"><span style=\"color: #000000;\"><a href=\"mailto:lpautrat@estudiograu.com\">l<\/a><a href=\"mailto:xforno@erubio.com.pe\">xforno@erubio.com.pe<\/a><\/span><\/span><\/td>\n<\/tr>\n<tr>\n<td height=\"24\"><span style=\"color: #000000; font-family: Arial,Helvetica,sans-serif; font-size: small;\">Mario Ricardo C\u00e1ceres Loureiro<\/span><\/td>\n<td><span style=\"color: #000000; font-family: Arial,Helvetica,sans-serif; font-size: small;\">Secretario<\/span><\/td>\n<td><a href=\"mailto:mcaceres@indemipe.com\">mcaceres@indemipe.com<\/a><\/td>\n<\/tr>\n<tr>\n<td height=\"22\"><span style=\"color: #000000; font-family: Arial,Helvetica,sans-serif; font-size: small;\">Guillermo Enrique Albareda del Castillo<\/span><\/td>\n<td><span style=\"color: #000000; font-family: Arial,Helvetica,sans-serif; font-size: small;\">Pro Secretario<\/span><\/td>\n<td><span style=\"color: #000000;\"><a href=\"mailto:galbareda@snmpe.org.pe\">galbareda@snmpe.org.pe<\/a><\/span><\/td>\n<\/tr>\n<tr>\n<td height=\"22\"><span style=\"color: #000000; font-family: Arial,Helvetica,sans-serif; font-size: small;\">Francisco Jos\u00e9 Tong Gonz\u00e1lez<\/span><\/td>\n<td><span style=\"color: #000000; font-family: Arial,Helvetica,sans-serif; font-size: small;\">Tesorero<\/span><\/td>\n<td><span style=\"color: #000000;\"><a href=\"mailto:ftong@estudiorodrigo.com\">ftong@estudiorodrigo.com<\/a><\/span><\/td>\n<\/tr>\n<tr>\n<td height=\"22\"><span style=\"color: #000000; font-family: Arial,Helvetica,sans-serif; font-size: small;\">Diego Mart\u00edn Grisolle Fontana<\/span><\/td>\n<td><span style=\"color: #000000; font-family: Arial,Helvetica,sans-serif; font-size: small;\">Pro Tesorero<\/span><\/td>\n<td><span class=\"Estilo6\"><span style=\"color: #000000;\"><a href=\"mailto:dgrisolle@garciasayan.com.pe\">dgrisolle@garciasayan.com.pe<\/a><\/span><\/span><\/td>\n<\/tr>\n<tr>\n<td height=\"24\"><span style=\"color: #000000; font-family: Arial,Helvetica,sans-serif; font-size: small;\">Eduardo Enrique Paseta Spihlmann<\/span><\/td>\n<td><span style=\"color: #000000; font-family: Arial,Helvetica,sans-serif; font-size: small;\">Vocal<\/span><\/td>\n<td>&nbsp;<a href=\"mailto:eduardo.paseta@minsur.com\" target=\"_blank\" rel=\"noopener noreferrer\">eduardo.paseta@minsur.com<\/a><\/td>\n<\/tr>\n<tr>\n<td height=\"22\"><span style=\"color: #000000; font-family: Arial,Helvetica,sans-serif; font-size: small;\">Liliana Patricia Pautrat Medina<\/span><\/td>\n<td><span style=\"color: #000000; font-family: Arial,Helvetica,sans-serif; font-size: small;\">Vocal<\/span><\/td>\n<td><span class=\"Estilo7\"><span style=\"color: #000000;\"><a href=\"mailto:Liliana.Pautrat@cms-grau.com\">Liliana.Pautrat@cms-grau.com<\/a><\/span><\/span><\/td>\n<\/tr>\n<tr>\n<td height=\"21\"><\/td>\n<td><span style=\"color: #000000; font-family: Arial,Helvetica,sans-serif; font-size: small;\">Bibliotecario<\/span><\/td>\n<td><\/td>\n<\/tr>\n<tr>\n<td height=\"22\"><span style=\"color: #000000; font-family: Arial,Helvetica,sans-serif; font-size: small;\">Humberto Luis Mart\u00ednez Aponte<\/span><\/td>\n<td><span style=\"color: #000000; font-family: Arial,Helvetica,sans-serif; font-size: small;\">Director de la Revista<\/span><\/td>\n<td><span class=\"Estilo6\"><span style=\"color: #000000;\"><a href=\"mailto:hmartinez@rossellolaw.com\">hmartinez@rossellolaw.com<\/a><\/span><\/span><\/td>\n<\/tr>\n<tr>\n<td><\/td>\n<td><\/td>\n<td><\/td>\n<\/tr>\n<\/tbody>\n<\/table>\n<\/td>\n<\/tr>\n<tr>\n<td><\/td>\n<\/tr>\n<\/tbody>\n<\/table>\n","protected":false},"excerpt":{"rendered":"<p>Consejo Directivo para el periodo 2016 &#8211; 2018 Nombre Cargo Email Miluska Marianela Cervantes Cornejo Presidente &nbsp;miluska_cervantes@fmi.com Xennia Mar\u00eda Forno Castro-Pozo Vice-Presidente lxforno@erubio.com.pe Mario Ricardo C\u00e1ceres Loureiro Secretario mcaceres@indemipe.com Guillermo Enrique Albareda del Castillo Pro Secretario galbareda@snmpe.org.pe Francisco Jos\u00e9 Tong Gonz\u00e1lez Tesorero ftong@estudiorodrigo.com Diego Mart\u00edn Grisolle Fontana Pro Tesorero dgrisolle@garciasayan.com.pe Eduardo Enrique Paseta Spihlmann Vocal [&hellip;]<\/p>\n","protected":false},"author":1,"featured_media":0,"parent":0,"menu_order":0,"comment_status":"closed","ping_status":"open","template":"","meta":{"_bbp_topic_count":0,"_bbp_reply_count":0,"_bbp_total_topic_count":0,"_bbp_total_reply_count":0,"_bbp_voice_count":0,"_bbp_anonymous_reply_count":0,"_bbp_topic_count_hidden":0,"_bbp_reply_count_hidden":0,"_bbp_forum_subforum_count":0},"_links":{"self":[{"href":"http:\/\/www.indemipe.com\/indemipe3\/index.php?rest_route=\/wp\/v2\/pages\/27"}],"collection":[{"href":"http:\/\/www.indemipe.com\/indemipe3\/index.php?rest_route=\/wp\/v2\/pages"}],"about":[{"href":"http:\/\/www.indemipe.com\/indemipe3\/index.php?rest_route=\/wp\/v2\/types\/page"}],"author":[{"embeddable":true,"href":"http:\/\/www.indemipe.com\/indemipe3\/index.php?rest_route=\/wp\/v2\/users\/1"}],"replies":[{"embeddable":true,"href":"http:\/\/www.indemipe.com\/indemipe3\/index.php?rest_route=%2Fwp%2Fv2%2Fcomments&post=27"}],"version-history":[{"count":1,"href":"http:\/\/www.indemipe.com\/indemipe3\/index.php?rest_route=\/wp\/v2\/pages\/27\/revisions"}],"predecessor-version":[{"id":552,"href":"http:\/\/www.indemipe.com\/indemipe3\/index.php?rest_route=\/wp\/v2\/pages\/27\/revisions\/552"}],"wp:attachment":[{"href":"http:\/\/www.indemipe.com\/indemipe3\/index.php?rest_route=%2Fwp%2Fv2%2Fmedia&parent=27"}],"curies":[{"name":"wp","href":"https:\/\/api.w.org\/{rel}","templated":true}]}}