{"id":243,"date":"2014-09-11T16:48:19","date_gmt":"2014-09-11T16:48:19","guid":{"rendered":"http:\/\/www.indemipe.com\/indemipe3\/?page_id=243"},"modified":"2020-10-08T21:45:39","modified_gmt":"2020-10-08T21:45:39","slug":"actividades","status":"publish","type":"page","link":"http:\/\/www.indemipe.com\/indemipe3\/?page_id=243","title":{"rendered":"Actividades"},"content":{"rendered":"<p><a href=\"http:\/\/www.indemipe.com\/indemipe3\/wp-content\/uploads\/2014\/09\/20140908_191216_resized1.jpg\"><img loading=\"lazy\" class=\"alignnone wp-image-508 size-thumbnail\" src=\"http:\/\/www.indemipe.com\/indemipe3\/wp-content\/uploads\/2014\/09\/20140908_191216_resized1-150x150.jpg\" alt=\"\" width=\"150\" height=\"150\" \/><\/a>\u00a0\u00a0\u00a0 \u00a0<a href=\"http:\/\/www.indemipe.com\/indemipe3\/wp-content\/uploads\/2014\/09\/20140908_191232_resized-150x1501.jpg\"><img loading=\"lazy\" class=\"alignnone wp-image-509 size-full\" src=\"http:\/\/www.indemipe.com\/indemipe3\/wp-content\/uploads\/2014\/09\/20140908_191232_resized-150x1501.jpg\" alt=\"\" width=\"150\" height=\"150\" \/><\/a><\/p>\n<p>El d\u00eda lunes 8 de setiembre de 2014, en el local de la Sociedad Nacional de Miner\u00eda, Petr\u00f3leo y Energ\u00eda, se llev\u00f3 a cabo el Seminario titulado \u201cAgenda Pendiente para la Promoci\u00f3n y la Dinamizaci\u00f3n de la Inversi\u00f3n en el Pa\u00eds\u201d organizado por el Instituto Nacional de Derecho de Miner\u00eda, Petr\u00f3leo y Energ\u00eda \u2013 INDEMIPE.<\/p>\n<p style=\"text-align: justify;\">El evento se inici\u00f3 con las palabras de bienvenida de la Dra. Lorena Navarro, Vicepresidenta del INDEMIPE, quien destac\u00f3 la necesidad de discutir en foros especializados las necesarias modificaciones y acciones que se deben tomar para la promoci\u00f3n y dinamizaci\u00f3n de la inversi\u00f3n minera en el Per\u00fa. Asimismo, se cont\u00f3 con la participaci\u00f3n del Dr. Gonzalo Quijandr\u00eda, director de Asuntos Corporativos de Minsur S.A., como moderador del evento.<\/p>\n<p>Los temas tratados estuvieron a cargo de destacados especialistas en el campo minero y tributario, as\u00ed:<\/p>\n<ul>\n<li>El Dr. Francisco Tong, Presidente del INDEMIPE y socio del Estudio Rodrigo, El\u00edas &amp; Medrano Abogados, expuso sobre la \u201c<strong>Optimizaci\u00f3n de la regulaci\u00f3n ambiental minera<\/strong>\u201d.<\/li>\n<li>La Dra. Liliana Pautrat, asociada del Estudio Grau Abogados, disert\u00f3 acerca de los \u201c<strong>Ajustes en la regulaci\u00f3n de los procedimientos mineros<\/strong>\u201d.<\/li>\n<li>El Dr. Humberto Mart\u00ednez Aponte, socio del Estudio Rossell\u00f3 Abogados, se refiri\u00f3 acerca de \u201c<strong>La necesaria regulaci\u00f3n de los procedimientos para adquirir derechos superficiales del Estado con fines mineros<\/strong>\u201d.<\/li>\n<li>El Dr. Fernando Zuzunaga, socio de Zuzunaga y Assereto Abogados, expuso sobre el \u201c<strong>Proyecto de Ley que establece medidas para promover el crecimiento econ\u00f3mico<\/strong>\u201d.<\/li>\n<\/ul>\n<p style=\"text-align: justify;\">Luego de la ronda de preguntas, las conclusiones y recomendaciones estuvieron a cargo del Dr. Diego Grisolle, socio de Garc\u00eda Say\u00e1n Abogados y ex Presidente del INDEMIPE.<\/p>\n<p>Se comunicar\u00e1 oportunamente la realizaci\u00f3n de pr\u00f3ximos eventos.<\/p>\n<p>&nbsp;<\/p>\n<p>&nbsp;<\/p>\n","protected":false},"excerpt":{"rendered":"<p>\u00a0\u00a0\u00a0 \u00a0 El d\u00eda lunes 8 de setiembre de 2014, en el local de la Sociedad Nacional de Miner\u00eda, Petr\u00f3leo y Energ\u00eda, se llev\u00f3 a cabo el Seminario titulado \u201cAgenda Pendiente para la Promoci\u00f3n y la Dinamizaci\u00f3n de la Inversi\u00f3n en el Pa\u00eds\u201d organizado por el Instituto Nacional de Derecho de Miner\u00eda, Petr\u00f3leo y Energ\u00eda [&hellip;]<\/p>\n","protected":false},"author":1,"featured_media":0,"parent":0,"menu_order":5,"comment_status":"closed","ping_status":"closed","template":"","meta":{"_bbp_topic_count":0,"_bbp_reply_count":0,"_bbp_total_topic_count":0,"_bbp_total_reply_count":0,"_bbp_voice_count":0,"_bbp_anonymous_reply_count":0,"_bbp_topic_count_hidden":0,"_bbp_reply_count_hidden":0,"_bbp_forum_subforum_count":0},"_links":{"self":[{"href":"http:\/\/www.indemipe.com\/indemipe3\/index.php?rest_route=\/wp\/v2\/pages\/243"}],"collection":[{"href":"http:\/\/www.indemipe.com\/indemipe3\/index.php?rest_route=\/wp\/v2\/pages"}],"about":[{"href":"http:\/\/www.indemipe.com\/indemipe3\/index.php?rest_route=\/wp\/v2\/types\/page"}],"author":[{"embeddable":true,"href":"http:\/\/www.indemipe.com\/indemipe3\/index.php?rest_route=\/wp\/v2\/users\/1"}],"replies":[{"embeddable":true,"href":"http:\/\/www.indemipe.com\/indemipe3\/index.php?rest_route=%2Fwp%2Fv2%2Fcomments&post=243"}],"version-history":[{"count":2,"href":"http:\/\/www.indemipe.com\/indemipe3\/index.php?rest_route=\/wp\/v2\/pages\/243\/revisions"}],"predecessor-version":[{"id":511,"href":"http:\/\/www.indemipe.com\/indemipe3\/index.php?rest_route=\/wp\/v2\/pages\/243\/revisions\/511"}],"wp:attachment":[{"href":"http:\/\/www.indemipe.com\/indemipe3\/index.php?rest_route=%2Fwp%2Fv2%2Fmedia&parent=243"}],"curies":[{"name":"wp","href":"https:\/\/api.w.org\/{rel}","templated":true}]}}